{"id":2,"date":"2020-09-29T11:31:12","date_gmt":"2020-09-29T15:31:12","guid":{"rendered":"https:\/\/christianpicard.ca\/?page_id=2"},"modified":"2020-10-29T00:01:14","modified_gmt":"2020-10-29T04:01:14","slug":"about","status":"publish","type":"page","link":"https:\/\/christianpicard.ca\/index.php\/about\/","title":{"rendered":"Pourquoi ce blog?"},"content":{"rendered":"\n<p>Ayant une formation en analyse de risque politique et affaires publiques, et travaillant dans le domaine des communications publiques, je suis aux premi\u00e8res loges pour assister \u00e0 la couverture m\u00e9diatique de la pand\u00e9mie de la COVID-19 au Qu\u00e9bec depuis ses d\u00e9buts. Je suis surtout aux premi\u00e8res loges pour constater comment plusieurs intervenants &#8211; politiciens, journalistes, analystes, etc. &#8211; ont parfois de la difficult\u00e9 \u00e0 allier science et politique publique.<\/p>\n\n\n\n<p>Le but de ce blog est de d\u00e9m\u00ealer ces imbroglios, vulgariser la science derri\u00e8re certains enjeux dans l&rsquo;actualit\u00e9. Sans pr\u00e9tendre avoir la science infuse, j&rsquo;esp\u00e8re aider le lecteur \u00e0 mieux comprendre ce qui se dit et se faire une opinion plus \u00e9clair\u00e9e des actions de nos dirigeants politiques.<\/p>\n","protected":false},"excerpt":{"rendered":"<p>Ayant une formation en analyse de risque politique et affaires publiques, et travaillant dans le domaine des communications publiques, je suis aux premi\u00e8res loges pour assister \u00e0 la couverture m\u00e9diatique de la pand\u00e9mie de la COVID-19 au Qu\u00e9bec depuis ses d\u00e9buts. Je suis surtout aux premi\u00e8res loges pour constater comment plusieurs intervenants &#8211; politiciens, journalistes, [&hellip;]<\/p>\n","protected":false},"author":1,"featured_media":0,"parent":0,"menu_order":0,"comment_status":"closed","ping_status":"open","template":"","meta":{"footnotes":""},"class_list":["post-2","page","type-page","status-publish","hentry"],"_links":{"self":[{"href":"https:\/\/christianpicard.ca\/index.php\/wp-json\/wp\/v2\/pages\/2","targetHints":{"allow":["GET"]}}],"collection":[{"href":"https:\/\/christianpicard.ca\/index.php\/wp-json\/wp\/v2\/pages"}],"about":[{"href":"https:\/\/christianpicard.ca\/index.php\/wp-json\/wp\/v2\/types\/page"}],"author":[{"embeddable":true,"href":"https:\/\/christianpicard.ca\/index.php\/wp-json\/wp\/v2\/users\/1"}],"replies":[{"embeddable":true,"href":"https:\/\/christianpicard.ca\/index.php\/wp-json\/wp\/v2\/comments?post=2"}],"version-history":[{"count":3,"href":"https:\/\/christianpicard.ca\/index.php\/wp-json\/wp\/v2\/pages\/2\/revisions"}],"predecessor-version":[{"id":182,"href":"https:\/\/christianpicard.ca\/index.php\/wp-json\/wp\/v2\/pages\/2\/revisions\/182"}],"wp:attachment":[{"href":"https:\/\/christianpicard.ca\/index.php\/wp-json\/wp\/v2\/media?parent=2"}],"curies":[{"name":"wp","href":"https:\/\/api.w.org\/{rel}","templated":true}]}}